{"id":51000,"date":"2021-06-26T06:46:35","date_gmt":"2021-06-26T06:46:35","guid":{"rendered":"https:\/\/www.4life.health\/?post_type=product&#038;p=51000"},"modified":"2025-09-16T11:00:33","modified_gmt":"2025-09-16T11:00:33","slug":"vaina-ovalada","status":"publish","type":"product","link":"http:\/\/www.4life.health\/es\/producto\/vaina-ovalada\/","title":{"rendered":"Ovalado con c\u00f3digo QR para pulsera m\u00e9dica"},"content":{"rendered":"<p>[et_pb_section fb_built=&#8221;1&#8243; _builder_version=&#8221;4.16&#8243; custom_padding=&#8221;0px||||false|false&#8221; global_colors_info=&#8221;{}&#8221;][et_pb_row _builder_version=&#8221;4.16&#8243; background_size=&#8221;initial&#8221; background_position=&#8221;top_left&#8221; background_repeat=&#8221;repeat&#8221; width=&#8221;100%&#8221; custom_padding=&#8221;0px||0px||false|false&#8221; global_colors_info=&#8221;{}&#8221;][et_pb_column type=&#8221;4_4&#8243; _builder_version=&#8221;4.16&#8243; custom_padding=&#8221;|||&#8221; global_colors_info=&#8221;{}&#8221; custom_padding__hover=&#8221;|||&#8221;][et_pb_wc_breadcrumb _builder_version=&#8221;4.16&#8243; global_colors_info=&#8221;{}&#8221;][\/et_pb_wc_breadcrumb][et_pb_wc_cart_notice _builder_version=&#8221;4.16&#8243; global_colors_info=&#8221;{}&#8221;][\/et_pb_wc_cart_notice][\/et_pb_column][\/et_pb_row][et_pb_row column_structure=&#8221;1_2,1_2&#8243; _builder_version=&#8221;4.16&#8243; background_size=&#8221;initial&#8221; background_position=&#8221;top_left&#8221; background_repeat=&#8221;repeat&#8221; width=&#8221;100%&#8221; custom_padding=&#8221;0px||||false|false&#8221; global_colors_info=&#8221;{}&#8221;][et_pb_column type=&#8221;1_2&#8243; _builder_version=&#8221;4.16&#8243; custom_padding=&#8221;|||&#8221; global_colors_info=&#8221;{}&#8221; custom_padding__hover=&#8221;|||&#8221;][et_pb_wc_images _builder_version=&#8221;4.16&#8243; global_colors_info=&#8221;{}&#8221;][\/et_pb_wc_images][\/et_pb_column][et_pb_column type=&#8221;1_2&#8243; _builder_version=&#8221;4.16&#8243; custom_padding=&#8221;|||&#8221; global_colors_info=&#8221;{}&#8221; custom_padding__hover=&#8221;|||&#8221;][et_pb_wc_title _builder_version=&#8221;4.16&#8243; global_colors_info=&#8221;{}&#8221;][\/et_pb_wc_title][et_pb_wc_rating _builder_version=&#8221;4.16&#8243; global_colors_info=&#8221;{}&#8221;][\/et_pb_wc_rating][et_pb_wc_price _builder_version=&#8221;4.16&#8243; global_colors_info=&#8221;{}&#8221;][\/et_pb_wc_price][et_pb_wc_description _builder_version=&#8221;4.16&#8243; body_text_color=&#8221;#000000&#8243; global_colors_info=&#8221;{}&#8221;][\/et_pb_wc_description][et_pb_wc_add_to_cart _builder_version=&#8221;4.16&#8243; fields_background_color=&#8221;#29B6F6&#8243; fields_text_color=&#8221;#FFFFFF&#8221; fields_focus_background_color=&#8221;#29B6F6&#8243; fields_focus_text_color=&#8221;#FFFFFF&#8221; field_label_text_color=&#8221;#000000&#8243; custom_button=&#8221;on&#8221; button_text_color=&#8221;#FFFFFF&#8221; button_bg_use_color_gradient=&#8221;on&#8221; button_bg_color_gradient_stops=&#8221;#29b6f6 0%|#29b6f6 100%&#8221; button_bg_color_gradient_start=&#8221;#29b6f6&#8243; button_bg_color_gradient_end=&#8221;#29b6f6&#8243; body_text_color=&#8221;#000000&#8243; global_colors_info=&#8221;{}&#8221;][\/et_pb_wc_add_to_cart][et_pb_wc_meta _builder_version=&#8221;4.16&#8243; global_colors_info=&#8221;{}&#8221;][\/et_pb_wc_meta][\/et_pb_column][\/et_pb_row][et_pb_row _builder_version=&#8221;4.16&#8243; background_size=&#8221;initial&#8221; background_position=&#8221;top_left&#8221; background_repeat=&#8221;repeat&#8221; width=&#8221;100%&#8221; global_colors_info=&#8221;{}&#8221;][et_pb_column type=&#8221;4_4&#8243; _builder_version=&#8221;4.16&#8243; custom_padding=&#8221;|||&#8221; global_colors_info=&#8221;{}&#8221; custom_padding__hover=&#8221;|||&#8221;][et_pb_wc_tabs active_tab_background_color=&#8221;#29B6F6&#8243; inactive_tab_background_color=&#8221;#FFFFFF&#8221; active_tab_text_color=&#8221;#FFFFFF&#8221; _builder_version=&#8221;4.16&#8243; tab_text_color=&#8221;#000000&#8243; body_text_color=&#8221;#000000&#8243; global_colors_info=&#8221;{}&#8221;]\t\t\t\t\t[\/et_pb_wc_tabs][et_pb_wc_upsells _builder_version=&#8221;4.16&#8243; global_colors_info=&#8221;{}&#8221;][\/et_pb_wc_upsells][et_pb_wc_related_products _builder_version=&#8221;4.16&#8243; global_colors_info=&#8221;{}&#8221;][\/et_pb_wc_related_products][\/et_pb_column][\/et_pb_row][\/et_pb_section]<\/p>\n","protected":false},"excerpt":{"rendered":"<h4>C\u00e1psula ovalada de 4life<\/h4>\n<p>Nuestro Oval Pod est\u00e1 dise\u00f1ado para las pulseras ID Qr Code.<\/p>\n<ul>\n<li>\u00a0Est\u00e1 hecho de una sola pieza de aluminio anodizado y la informaci\u00f3n est\u00e1 grabada con l\u00e1ser para garantizar la m\u00e1xima durabilidad y legibilidad.<\/li>\n<li>F\u00e1cil de cambiar pero no f\u00e1cil de perder.<\/li>\n<li>C\u00f3digo QR grabado con l\u00e1ser en el enlace lateral posterior directamente a su perfil m\u00e9dico privado para la ayuda m\u00e9dica de los primeros respondedores.<\/li>\n<li>La estrella de la vida, el signo internacional de emergencia est\u00e1 grabado en rojo en la parte frontal<\/li>\n<li>Dos colores disponibles: negro con cruz blanca, plata con cruz roja<\/li>\n<li>Este accesorio solo se puede conectar a una suscripci\u00f3n activa de 4life.health. Todav\u00eda no estas registrado? <a href=\"http:\/\/www.4life.health\/es\/#payment\">Haga clic aqu\u00ed.<\/a><\/li>\n<\/ul>","protected":false},"featured_media":52895,"comment_status":"open","ping_status":"closed","template":"","meta":{"_et_pb_use_builder":"on","_et_pb_old_content":"4life Oval Pod is designed for the ID Qr Code bracelets\u00a0 It's made from a single piece of anodized aluminum and the information is laser engraved to ensure maximum durability and legibility. It comes in different colors with Star of Life laser engraved on one side and personal Qr code on the other side.","_et_gb_content_width":""},"product_brand":[],"product_cat":[27],"product_tag":[72],"class_list":{"0":"post-51000","1":"product","2":"type-product","3":"status-publish","4":"has-post-thumbnail","6":"product_cat-medical-qr-code-bracelet","7":"product_tag-oval-pod-for-medical-bracelet","8":"pa_color-black","9":"pa_color-silver","11":"first","12":"instock","13":"taxable","14":"shipping-taxable","15":"purchasable","16":"product-type-variable"},"aioseo_notices":[],"_links":{"self":[{"href":"http:\/\/www.4life.health\/es\/wp-json\/wp\/v2\/product\/51000","targetHints":{"allow":["GET"]}}],"collection":[{"href":"http:\/\/www.4life.health\/es\/wp-json\/wp\/v2\/product"}],"about":[{"href":"http:\/\/www.4life.health\/es\/wp-json\/wp\/v2\/types\/product"}],"replies":[{"embeddable":true,"href":"http:\/\/www.4life.health\/es\/wp-json\/wp\/v2\/comments?post=51000"}],"wp:featuredmedia":[{"embeddable":true,"href":"http:\/\/www.4life.health\/es\/wp-json\/wp\/v2\/media\/52895"}],"wp:attachment":[{"href":"http:\/\/www.4life.health\/es\/wp-json\/wp\/v2\/media?parent=51000"}],"wp:term":[{"taxonomy":"product_brand","embeddable":true,"href":"http:\/\/www.4life.health\/es\/wp-json\/wp\/v2\/product_brand?post=51000"},{"taxonomy":"product_cat","embeddable":true,"href":"http:\/\/www.4life.health\/es\/wp-json\/wp\/v2\/product_cat?post=51000"},{"taxonomy":"product_tag","embeddable":true,"href":"http:\/\/www.4life.health\/es\/wp-json\/wp\/v2\/product_tag?post=51000"}],"curies":[{"name":"wp","href":"https:\/\/api.w.org\/{rel}","templated":true}]}}