{"id":51058,"date":"2021-06-27T06:22:08","date_gmt":"2021-06-27T06:22:08","guid":{"rendered":"https:\/\/www.4life.health\/?post_type=product&#038;p=51058"},"modified":"2025-09-16T10:53:06","modified_gmt":"2025-09-16T10:53:06","slug":"equipaje-accesorio-con-codigo-qr","status":"publish","type":"product","link":"http:\/\/www.4life.health\/es\/producto\/equipaje-accesorio-con-codigo-qr\/","title":{"rendered":"Etiqueta de Viaje para Equipaje con C\u00f3digo QR"},"content":{"rendered":"<p>[et_pb_section fb_built=&#8221;1&#8243; _builder_version=&#8221;4.16&#8243; custom_padding=&#8221;0px||||false|false&#8221; global_colors_info=&#8221;{}&#8221;][et_pb_row _builder_version=&#8221;4.16&#8243; background_size=&#8221;initial&#8221; background_position=&#8221;top_left&#8221; background_repeat=&#8221;repeat&#8221; width=&#8221;100%&#8221; custom_padding=&#8221;0px||0px||false|false&#8221; global_colors_info=&#8221;{}&#8221;][et_pb_column type=&#8221;4_4&#8243; _builder_version=&#8221;4.16&#8243; custom_padding=&#8221;|||&#8221; global_colors_info=&#8221;{}&#8221; custom_padding__hover=&#8221;|||&#8221;][et_pb_wc_breadcrumb _builder_version=&#8221;4.16&#8243; global_colors_info=&#8221;{}&#8221;][\/et_pb_wc_breadcrumb][et_pb_wc_cart_notice _builder_version=&#8221;4.16&#8243; global_colors_info=&#8221;{}&#8221;][\/et_pb_wc_cart_notice][\/et_pb_column][\/et_pb_row][et_pb_row column_structure=&#8221;1_2,1_2&#8243; _builder_version=&#8221;4.16&#8243; background_size=&#8221;initial&#8221; background_position=&#8221;top_left&#8221; background_repeat=&#8221;repeat&#8221; width=&#8221;100%&#8221; custom_padding=&#8221;0px||||false|false&#8221; global_colors_info=&#8221;{}&#8221;][et_pb_column type=&#8221;1_2&#8243; _builder_version=&#8221;4.16&#8243; custom_padding=&#8221;|||&#8221; global_colors_info=&#8221;{}&#8221; custom_padding__hover=&#8221;|||&#8221;][et_pb_wc_images _builder_version=&#8221;4.16&#8243; global_colors_info=&#8221;{}&#8221;][\/et_pb_wc_images][\/et_pb_column][et_pb_column type=&#8221;1_2&#8243; _builder_version=&#8221;4.16&#8243; custom_padding=&#8221;|||&#8221; global_colors_info=&#8221;{}&#8221; custom_padding__hover=&#8221;|||&#8221;][et_pb_wc_title _builder_version=&#8221;4.16&#8243; global_colors_info=&#8221;{}&#8221;][\/et_pb_wc_title][et_pb_wc_rating _builder_version=&#8221;4.16&#8243; global_colors_info=&#8221;{}&#8221;][\/et_pb_wc_rating][et_pb_wc_price _builder_version=&#8221;4.16&#8243; global_colors_info=&#8221;{}&#8221;][\/et_pb_wc_price][et_pb_wc_description _builder_version=&#8221;4.16&#8243; body_text_color=&#8221;#000000&#8243; global_colors_info=&#8221;{}&#8221;][\/et_pb_wc_description][et_pb_wc_add_to_cart _builder_version=&#8221;4.16&#8243; fields_background_color=&#8221;#29B6F6&#8243; fields_text_color=&#8221;#FFFFFF&#8221; fields_focus_background_color=&#8221;#29B6F6&#8243; fields_focus_text_color=&#8221;#FFFFFF&#8221; field_label_text_color=&#8221;#000000&#8243; custom_button=&#8221;on&#8221; button_text_color=&#8221;#FFFFFF&#8221; button_bg_color=&#8221;#29B6F6&#8243; body_text_color=&#8221;#000000&#8243; global_colors_info=&#8221;{}&#8221;][\/et_pb_wc_add_to_cart][et_pb_wc_meta _builder_version=&#8221;4.16&#8243; global_colors_info=&#8221;{}&#8221;][\/et_pb_wc_meta][\/et_pb_column][\/et_pb_row][et_pb_row _builder_version=&#8221;4.16&#8243; background_size=&#8221;initial&#8221; background_position=&#8221;top_left&#8221; background_repeat=&#8221;repeat&#8221; width=&#8221;100%&#8221; global_colors_info=&#8221;{}&#8221;][et_pb_column type=&#8221;4_4&#8243; _builder_version=&#8221;4.16&#8243; custom_padding=&#8221;|||&#8221; global_colors_info=&#8221;{}&#8221; custom_padding__hover=&#8221;|||&#8221;][et_pb_wc_tabs active_tab_background_color=&#8221;#29B6F6&#8243; inactive_tab_background_color=&#8221;#FFFFFF&#8221; active_tab_text_color=&#8221;#FFFFFF&#8221; _builder_version=&#8221;4.16&#8243; tab_text_color=&#8221;#000000&#8243; body_text_color=&#8221;#000000&#8243; global_colors_info=&#8221;{}&#8221;] [\/et_pb_wc_tabs][et_pb_wc_upsells _builder_version=&#8221;4.16&#8243; global_colors_info=&#8221;{}&#8221;][\/et_pb_wc_upsells][et_pb_wc_related_products _builder_version=&#8221;4.16&#8243; global_colors_info=&#8221;{}&#8221;][\/et_pb_wc_related_products][\/et_pb_column][\/et_pb_row][\/et_pb_section]<\/p>\n","protected":false},"excerpt":{"rendered":"<h2><span style=\"color: #000000;\">Etiqueta de viaje elegante con c\u00f3digos QR  para tus equipajes<\/span><\/h2>\n<h4><span style=\"color: #000000;\">Etiqueta de Viaje para Equipaje con C\u00f3digo QR<\/span><\/h4>\n<ul>\n<li><span style=\"color: #000000;\">C\u00f3digo Qr grabado con l\u00e1ser vinculado a su perfil privado.<\/span><\/li>\n<li><span style=\"color: #000000;\">Aluminio anodizado resistente.<\/span><\/li>\n<li><span style=\"color: #000000;\">\"Escanee si se pierde\" f\u00e1cil de leer para acceder directamente a su informaci\u00f3n.<\/span><\/li>\n<li><span style=\"color: #000000;\">Puede actualizar sus destinos de viaje, hotel y otra informaci\u00f3n. Directamente desde tu tel\u00e9fono m\u00f3vil<\/span><\/li>\n<li><span style=\"color: #000000;\">En caso de p\u00e9rdida, el personal del aeropuerto podr\u00e1 rastrear su ubicaci\u00f3n para una entrega r\u00e1pida.<\/span><\/li>\n<li><span style=\"color: #000000;\">Dos opciones de color: negro y plateado con taquilla de acero.<\/span><\/li>\n<li><span style=\"color: #000000;\">Opci\u00f3n de ubicaci\u00f3n compartida de gprs a todos los contactos de emergencia de la lista en caso de escaneo del c\u00f3digo qr.<\/span><\/li>\n<li><span style=\"color: #000000;\">Bucles de acero resistentes hechos de cable de acero de 7 \u00d7 7 con un cierre de rosca de acero inoxidable moleteado.<\/span><\/li>\n<li><span style=\"color: #000000;\">Este accesorio solo se puede conectar a una suscripci\u00f3n activa de 4life.health. Todav\u00eda no estas registrado?<span style=\"color: #00ccff;\"> <a style=\"color: #00ccff;\" href=\"http:\/\/www.4life.health\/es\/#payment\">Haga clic aqu\u00ed.<\/a><\/span><\/span><\/li>\n<\/ul>\n<p>&nbsp;<\/p>","protected":false},"featured_media":52013,"comment_status":"open","ping_status":"closed","template":"","meta":{"_et_pb_use_builder":"on","_et_pb_old_content":"<span style=\"color: #000000\">This tag will give you the peace of mind you need when traveling! With the new 4life.health GPS-Passive Lost and Found ID Tag, you can easily attach this tag to your luggage and be alerted if your luggage is lost and found, wherever you are in the world. The tag comes with a QR code that has all your travel information stored securely in it. It is also highly resistant and durable, so it can withstand all your travel adventures without fail! Get your 4life.health GPS-Passive Lost and Found ID Tag today and never worry about losing your luggage ever again!<\/span>\r\n\r\n&nbsp;","_et_gb_content_width":""},"product_brand":[98],"product_cat":[62],"product_tag":[79],"class_list":{"0":"post-51058","1":"product","2":"type-product","3":"status-publish","4":"has-post-thumbnail","6":"product_brand-4life-health","7":"product_cat-id-tag-qr-code-for-luggage","8":"product_tag-id-tag-for-luggage","9":"pa_color-black","10":"pa_color-silver","12":"first","13":"instock","14":"taxable","15":"shipping-taxable","16":"purchasable","17":"product-type-variable","18":"has-default-attributes"},"aioseo_notices":[],"_links":{"self":[{"href":"http:\/\/www.4life.health\/es\/wp-json\/wp\/v2\/product\/51058","targetHints":{"allow":["GET"]}}],"collection":[{"href":"http:\/\/www.4life.health\/es\/wp-json\/wp\/v2\/product"}],"about":[{"href":"http:\/\/www.4life.health\/es\/wp-json\/wp\/v2\/types\/product"}],"replies":[{"embeddable":true,"href":"http:\/\/www.4life.health\/es\/wp-json\/wp\/v2\/comments?post=51058"}],"wp:featuredmedia":[{"embeddable":true,"href":"http:\/\/www.4life.health\/es\/wp-json\/wp\/v2\/media\/52013"}],"wp:attachment":[{"href":"http:\/\/www.4life.health\/es\/wp-json\/wp\/v2\/media?parent=51058"}],"wp:term":[{"taxonomy":"product_brand","embeddable":true,"href":"http:\/\/www.4life.health\/es\/wp-json\/wp\/v2\/product_brand?post=51058"},{"taxonomy":"product_cat","embeddable":true,"href":"http:\/\/www.4life.health\/es\/wp-json\/wp\/v2\/product_cat?post=51058"},{"taxonomy":"product_tag","embeddable":true,"href":"http:\/\/www.4life.health\/es\/wp-json\/wp\/v2\/product_tag?post=51058"}],"curies":[{"name":"wp","href":"https:\/\/api.w.org\/{rel}","templated":true}]}}