{"id":50979,"date":"2021-06-26T04:01:04","date_gmt":"2021-06-26T04:01:04","guid":{"rendered":"https:\/\/www.4life.health\/?post_type=product&#038;p=50979"},"modified":"2025-12-19T18:03:34","modified_gmt":"2025-12-19T18:03:34","slug":"bracelet-medical-4life-avec-code-qr","status":"publish","type":"product","link":"https:\/\/www.4life.health\/fr\/produit\/bracelet-medical-4life-avec-code-qr\/","title":{"rendered":"BRACELET D'IDENTIFICATION M\u00c9DICALE avec QR Code"},"content":{"rendered":"<p>[et_pb_section fb_built=&#8221;1&#8243; _builder_version=&#8221;4.16&#8243; custom_padding=&#8221;0px||||false|false&#8221; global_colors_info=&#8221;{}&#8221;][et_pb_row _builder_version=&#8221;4.16&#8243; background_size=&#8221;initial&#8221; background_position=&#8221;top_left&#8221; background_repeat=&#8221;repeat&#8221; width=&#8221;100%&#8221; custom_padding=&#8221;0px||0px||false|false&#8221; global_colors_info=&#8221;{}&#8221;][et_pb_column type=&#8221;4_4&#8243; _builder_version=&#8221;4.16&#8243; custom_padding=&#8221;|||&#8221; global_colors_info=&#8221;{}&#8221; custom_padding__hover=&#8221;|||&#8221;][et_pb_wc_breadcrumb _builder_version=&#8221;4.16&#8243; global_colors_info=&#8221;{}&#8221;][\/et_pb_wc_breadcrumb][et_pb_wc_cart_notice _builder_version=&#8221;4.16&#8243; global_colors_info=&#8221;{}&#8221;][\/et_pb_wc_cart_notice][\/et_pb_column][\/et_pb_row][et_pb_row column_structure=&#8221;1_2,1_2&#8243; _builder_version=&#8221;4.16&#8243; background_size=&#8221;initial&#8221; background_position=&#8221;top_left&#8221; background_repeat=&#8221;repeat&#8221; width=&#8221;100%&#8221; custom_padding=&#8221;0px||||false|false&#8221; global_colors_info=&#8221;{}&#8221;][et_pb_column type=&#8221;1_2&#8243; _builder_version=&#8221;4.16&#8243; custom_padding=&#8221;|||&#8221; global_colors_info=&#8221;{}&#8221; custom_padding__hover=&#8221;|||&#8221;][et_pb_wc_images _builder_version=&#8221;4.16&#8243; global_colors_info=&#8221;{}&#8221;][\/et_pb_wc_images][\/et_pb_column][et_pb_column type=&#8221;1_2&#8243; _builder_version=&#8221;4.16&#8243; custom_padding=&#8221;|||&#8221; global_colors_info=&#8221;{}&#8221; custom_padding__hover=&#8221;|||&#8221;][et_pb_wc_title _builder_version=&#8221;4.16&#8243; global_colors_info=&#8221;{}&#8221;][\/et_pb_wc_title][et_pb_wc_rating _builder_version=&#8221;4.16&#8243; global_colors_info=&#8221;{}&#8221;][\/et_pb_wc_rating][et_pb_wc_price _builder_version=&#8221;4.16&#8243; global_colors_info=&#8221;{}&#8221;][\/et_pb_wc_price][et_pb_wc_description _builder_version=&#8221;4.17.1&#8243; body_text_color=&#8221;#000000&#8243; global_colors_info=&#8221;{}&#8221;][\/et_pb_wc_description][et_pb_wc_add_to_cart _builder_version=&#8221;4.17.1&#8243; fields_background_color=&#8221;#29B6F6&#8243; fields_text_color=&#8221;#FFFFFF&#8221; fields_focus_background_color=&#8221;#29B6F6&#8243; fields_focus_text_color=&#8221;#FFFFFF&#8221; field_label_text_color=&#8221;#000000&#8243; custom_button=&#8221;on&#8221; button_text_color=&#8221;#FFFFFF&#8221; button_bg_use_color_gradient=&#8221;on&#8221; button_bg_color_gradient_stops=&#8221;#29b6f6 0%|#29b6f6 100%&#8221; button_bg_color_gradient_start=&#8221;#29b6f6&#8243; button_bg_color_gradient_end=&#8221;#29b6f6&#8243; body_text_color=&#8221;#000000&#8243; global_colors_info=&#8221;{}&#8221;][\/et_pb_wc_add_to_cart][et_pb_wc_meta _builder_version=&#8221;4.16&#8243; global_colors_info=&#8221;{}&#8221;][\/et_pb_wc_meta][\/et_pb_column][\/et_pb_row][et_pb_row _builder_version=&#8221;4.16&#8243; background_size=&#8221;initial&#8221; background_position=&#8221;top_left&#8221; background_repeat=&#8221;repeat&#8221; width=&#8221;100%&#8221; global_colors_info=&#8221;{}&#8221;][et_pb_column type=&#8221;4_4&#8243; _builder_version=&#8221;4.16&#8243; custom_padding=&#8221;|||&#8221; global_colors_info=&#8221;{}&#8221; custom_padding__hover=&#8221;|||&#8221;][et_pb_wc_tabs active_tab_background_color=&#8221;#29B6F6&#8243; inactive_tab_background_color=&#8221;#FFFFFF&#8221; active_tab_text_color=&#8221;#FFFFFF&#8221; _builder_version=&#8221;4.16&#8243; tab_text_color=&#8221;#000000&#8243; body_text_color=&#8221;#000000&#8243; global_colors_info=&#8221;{}&#8221;] [\/et_pb_wc_tabs][et_pb_wc_upsells _builder_version=&#8221;4.16&#8243; global_colors_info=&#8221;{}&#8221;][\/et_pb_wc_upsells][et_pb_wc_related_products _builder_version=&#8221;4.16&#8243; global_colors_info=&#8221;{}&#8221;][\/et_pb_wc_related_products][\/et_pb_column][\/et_pb_row][\/et_pb_section]<\/p>\n","protected":false},"excerpt":{"rendered":"<h4><span style=\"color: #000000;\">Bracelet M\u00e9dical avec Code QR<\/span><\/h4>\n<p><span style=\"color: #000000;\">Le 4life est notre nouveau bracelet con\u00e7u avec le code Qr d'identification m\u00e9dicale.<\/span><\/p>\n<ul>\n<li><span style=\"color: #000000;\">Le bracelet est fabriqu\u00e9 \u00e0 partir d'un mat\u00e9riau en silicone confortable avec une simple fermeture \u00e0 pression.<\/span><\/li>\n<li><span style=\"color: #000000;\">Etoile de vie sur le dessus pour une reconnaissance facile par les premiers intervenants et qr code grav\u00e9 au laser au dos de la face arri\u00e8re pour un acc\u00e8s rapide \u00e0 vos informations m\u00e9dicales<\/span><\/li>\n<li><span style=\"color: #000000;\">Le pod m\u00e9tallique 4life est fabriqu\u00e9 \u00e0 partir d'une solide pi\u00e8ce d'aluminium anodis\u00e9 de conception modulaire.<\/span><\/li>\n<li><span style=\"color: #000000;\">Le code Qr au dos est li\u00e9 \u00e0 votre profil m\u00e9dical priv\u00e9 est grav\u00e9 au laser pour une durabilit\u00e9 maximale. Parfait pour une vie active, pendant le temps de sport et gr\u00e2ce \u00e0 la vari\u00e9t\u00e9 de couleurs, le bracelet 4life ID qr code peut correspondre \u00e0 n'importe quelle occasion.<\/span><\/li>\n<li><span style=\"color: #000000;\">5 couleurs, 2 tailles disponibles<\/span><\/li>\n<li><span style=\"color: #000000;\">100% \u00e9tanche<\/span><\/li>\n<li><span style=\"color: #000000;\">Cet accessoire ne peut \u00eatre connect\u00e9 qu'\u00e0 un abonnement 4life.health actif. Pas encore inscrit? Cliquez ici. <span style=\"color: #00ccff;\"><a style=\"color: #00ccff;\" href=\"http:\/\/www.4life.health\/fr\/#payment\">Cliquez ici.<\/a><\/span><\/span><\/li>\n<\/ul>","protected":false},"featured_media":52245,"comment_status":"open","ping_status":"closed","template":"","meta":{"_et_pb_use_builder":"on","_et_pb_old_content":"<span style=\"color: #000000\">The medical ID QR code bracelet that puts your safety first. With the 4life, you can rest easy knowing that you have quick access to your medical information in an emergency. The QR code is laser engraved for easy access from first responders, and the passive GPS location feature helps your emergency contacts find you in a timely manner. Get the 4life and feel secure knowing that your medical information is always close at hand.<\/span>","_et_gb_content_width":""},"product_brand":[98],"product_cat":[27],"product_tag":[56],"class_list":{"0":"post-50979","1":"product","2":"type-product","3":"status-publish","4":"has-post-thumbnail","6":"product_brand-4life-health","7":"product_cat-medical-qr-code-bracelet","8":"product_tag-id-medical-qr-code-bracelet","9":"pa_color-black","10":"pa_color-blue","11":"pa_color-navy-blue","12":"pa_color-tiffany","13":"pa_color-white","14":"pa_oval-color-black","15":"pa_oval-color-silver","16":"pa_size-m-l","17":"pa_size-s-m","19":"first","20":"instock","21":"taxable","22":"shipping-taxable","23":"purchasable","24":"product-type-variable"},"aioseo_notices":[],"_links":{"self":[{"href":"https:\/\/www.4life.health\/fr\/wp-json\/wp\/v2\/product\/50979","targetHints":{"allow":["GET"]}}],"collection":[{"href":"https:\/\/www.4life.health\/fr\/wp-json\/wp\/v2\/product"}],"about":[{"href":"https:\/\/www.4life.health\/fr\/wp-json\/wp\/v2\/types\/product"}],"replies":[{"embeddable":true,"href":"https:\/\/www.4life.health\/fr\/wp-json\/wp\/v2\/comments?post=50979"}],"wp:featuredmedia":[{"embeddable":true,"href":"https:\/\/www.4life.health\/fr\/wp-json\/wp\/v2\/media\/52245"}],"wp:attachment":[{"href":"https:\/\/www.4life.health\/fr\/wp-json\/wp\/v2\/media?parent=50979"}],"wp:term":[{"taxonomy":"product_brand","embeddable":true,"href":"https:\/\/www.4life.health\/fr\/wp-json\/wp\/v2\/product_brand?post=50979"},{"taxonomy":"product_cat","embeddable":true,"href":"https:\/\/www.4life.health\/fr\/wp-json\/wp\/v2\/product_cat?post=50979"},{"taxonomy":"product_tag","embeddable":true,"href":"https:\/\/www.4life.health\/fr\/wp-json\/wp\/v2\/product_tag?post=50979"}],"curies":[{"name":"wp","href":"https:\/\/api.w.org\/{rel}","templated":true}]}}