{"id":51035,"date":"2021-06-26T15:52:27","date_gmt":"2021-06-26T15:52:27","guid":{"rendered":"https:\/\/www.4life.health\/?post_type=product&#038;p=51035"},"modified":"2025-09-16T10:57:09","modified_gmt":"2025-09-16T10:57:09","slug":"accessoire-casque-avec-qr-code","status":"publish","type":"product","link":"https:\/\/www.4life.health\/fr\/produit\/accessoire-casque-avec-qr-code\/","title":{"rendered":"Accessoire pour Casques avec Qr Code"},"content":{"rendered":"<p>[et_pb_section fb_built=&#8221;1&#8243; _builder_version=&#8221;4.16&#8243; custom_padding=&#8221;0px||||false|false&#8221; global_colors_info=&#8221;{}&#8221;][et_pb_row _builder_version=&#8221;4.16&#8243; background_size=&#8221;initial&#8221; background_position=&#8221;top_left&#8221; background_repeat=&#8221;repeat&#8221; width=&#8221;100%&#8221; custom_padding=&#8221;0px||0px||false|false&#8221; global_colors_info=&#8221;{}&#8221;][et_pb_column type=&#8221;4_4&#8243; _builder_version=&#8221;4.16&#8243; custom_padding=&#8221;|||&#8221; global_colors_info=&#8221;{}&#8221; custom_padding__hover=&#8221;|||&#8221;][et_pb_wc_breadcrumb _builder_version=&#8221;4.16&#8243; global_colors_info=&#8221;{}&#8221;][\/et_pb_wc_breadcrumb][et_pb_wc_cart_notice _builder_version=&#8221;4.16&#8243; global_colors_info=&#8221;{}&#8221;][\/et_pb_wc_cart_notice][\/et_pb_column][\/et_pb_row][et_pb_row column_structure=&#8221;1_2,1_2&#8243; _builder_version=&#8221;4.16&#8243; background_size=&#8221;initial&#8221; background_position=&#8221;top_left&#8221; background_repeat=&#8221;repeat&#8221; width=&#8221;100%&#8221; custom_padding=&#8221;0px||||false|false&#8221; global_colors_info=&#8221;{}&#8221;][et_pb_column type=&#8221;1_2&#8243; _builder_version=&#8221;4.16&#8243; custom_padding=&#8221;|||&#8221; global_colors_info=&#8221;{}&#8221; custom_padding__hover=&#8221;|||&#8221;][et_pb_wc_images _builder_version=&#8221;4.16&#8243; global_colors_info=&#8221;{}&#8221;][\/et_pb_wc_images][\/et_pb_column][et_pb_column type=&#8221;1_2&#8243; _builder_version=&#8221;4.16&#8243; custom_padding=&#8221;|||&#8221; global_colors_info=&#8221;{}&#8221; custom_padding__hover=&#8221;|||&#8221;][et_pb_wc_title _builder_version=&#8221;4.16&#8243; global_colors_info=&#8221;{}&#8221;][\/et_pb_wc_title][et_pb_wc_rating _builder_version=&#8221;4.16&#8243; global_colors_info=&#8221;{}&#8221;][\/et_pb_wc_rating][et_pb_wc_price _builder_version=&#8221;4.16&#8243; global_colors_info=&#8221;{}&#8221;][\/et_pb_wc_price][et_pb_wc_description _builder_version=&#8221;4.27.4&#8243; body_text_color=&#8221;#000000&#8243; header_text_color=&#8221;#29B6F6&#8243; global_colors_info=&#8221;{}&#8221;][\/et_pb_wc_description][et_pb_wc_add_to_cart _builder_version=&#8221;4.16&#8243; fields_background_color=&#8221;#29B6F6&#8243; fields_text_color=&#8221;#FFFFFF&#8221; fields_focus_background_color=&#8221;#29B6F6&#8243; fields_focus_text_color=&#8221;#FFFFFF&#8221; dropdown_menus_background_color=&#8221;#29B6F6&#8243; dropdown_menus_text_color=&#8221;#FFFFFF&#8221; dropdown_menus_focus_background_color=&#8221;#0C71C3&#8243; dropdown_menus_focus_text_color=&#8221;#FFFFFF&#8221; field_label_text_color=&#8221;#000000&#8243; custom_button=&#8221;on&#8221; button_text_color=&#8221;#FFFFFF&#8221; button_bg_use_color_gradient=&#8221;on&#8221; button_bg_color_gradient_stops=&#8221;#29b6f6 0%|#29b6f6 100%&#8221; button_bg_color_gradient_start=&#8221;#29b6f6&#8243; button_bg_color_gradient_end=&#8221;#29b6f6&#8243; body_text_color=&#8221;#000000&#8243; global_colors_info=&#8221;{}&#8221;][\/et_pb_wc_add_to_cart][et_pb_wc_meta _builder_version=&#8221;4.16&#8243; global_colors_info=&#8221;{}&#8221;][\/et_pb_wc_meta][\/et_pb_column][\/et_pb_row][et_pb_row _builder_version=&#8221;4.16&#8243; background_size=&#8221;initial&#8221; background_position=&#8221;top_left&#8221; background_repeat=&#8221;repeat&#8221; width=&#8221;100%&#8221; global_colors_info=&#8221;{}&#8221;][et_pb_column type=&#8221;4_4&#8243; _builder_version=&#8221;4.16&#8243; custom_padding=&#8221;|||&#8221; global_colors_info=&#8221;{}&#8221; custom_padding__hover=&#8221;|||&#8221;][et_pb_wc_tabs active_tab_background_color=&#8221;#29B6F6&#8243; inactive_tab_background_color=&#8221;#FFFFFF&#8221; active_tab_text_color=&#8221;#FFFFFF&#8221; _builder_version=&#8221;4.16&#8243; tab_text_color=&#8221;#000000&#8243; body_text_color=&#8221;#000000&#8243; global_colors_info=&#8221;{}&#8221;]\t\t\t\t\t[\/et_pb_wc_tabs][et_pb_wc_upsells _builder_version=&#8221;4.16&#8243; global_colors_info=&#8221;{}&#8221;][\/et_pb_wc_upsells][\/et_pb_column][\/et_pb_row][\/et_pb_section]<\/p>\n","protected":false},"excerpt":{"rendered":"<p><span style=\"color: #000000;\">Accessoire pour Casques avec Qr Code<\/span><\/p>\n<p><span style=\"color: #000000;\">Fabriqu\u00e9 en caoutchouc tr\u00e8s r\u00e9sistant et en acier inoxydable avec Medical Cross et Qr Code, notre nouvel accessoire pour casques s'adapte parfaitement \u00e0 tous les mod\u00e8les.<\/span><\/p>\n<ul>\n<li><span style=\"color: #000000;\">Facile \u00e0 installer<\/span><\/li>\n<li><span style=\"color: #000000;\">Signe d'urgence international grav\u00e9 en rouge.<\/span><\/li>\n<li><span style=\"color: #000000;\"> Qr Code li\u00e9 \u00e0 votre profil, toutes ces fonctionnalit\u00e9s donnent l'outil parfait aux premiers intervenants pour vous aider rapidement et en toute s\u00e9curit\u00e9 en cas d'urgence. <\/span><\/li>\n<li><span style=\"color: #000000;\">Les informations de chaque cat\u00e9gorie affich\u00e9es apr\u00e8s le scan du Qr Code que vous avez pr\u00e9alablement choisi et peuvent \u00eatre modifi\u00e9es \u00e0 tout moment en un seul clic depuis votre page de profil  ou t\u00e9l\u00e9phone portable.<\/span><\/li>\n<li><span style=\"color: #000000;\">\u00a0Nous proposons 2 tailles pour s'adapter \u00e0 toutes les tailles de sangle de casque.<\/span><\/li>\n<li><span style=\"color: #000000;\">Cet accessoire ne peut \u00eatre connect\u00e9 qu'\u00e0 un abonnement 4life.health actif. Pas encore inscrit? Cliquez ici. <a href=\"http:\/\/www.4life.health\/fr\/#payment\">Cliquez ici.<\/a>.<\/span><\/li>\n<\/ul>","protected":false},"featured_media":54192,"comment_status":"open","ping_status":"closed","template":"","meta":{"_et_pb_use_builder":"on","_et_pb_old_content":"<span style=\"color: #000000\">Made in resistant rubber and stainless steel \u00a0ID Tag with Qr Code and Star of life. Perfect for any kind of Helmet.\r\nEasy to fit to any helmet strap, International Emergency Sign etched in red, Qr Code linked to your Profile, all this features give the perfect tool to help First Responders in case of Emergency giving them all the Medical information you decide to display.<\/span>","_et_gb_content_width":""},"product_brand":[98],"product_cat":[65],"product_tag":[58,57],"class_list":{"0":"post-51035","1":"product","2":"type-product","3":"status-publish","4":"has-post-thumbnail","6":"product_brand-4life-health","7":"product_cat-id-tag-qr-code-for-helmet","8":"product_tag-id-tag-for-helmet","9":"product_tag-id-tag-for-pet-collar","10":"pa_color-black","11":"pa_color-red","12":"pa_size-large","13":"pa_size-small","15":"first","16":"instock","17":"taxable","18":"shipping-taxable","19":"purchasable","20":"product-type-variable"},"aioseo_notices":[],"_links":{"self":[{"href":"https:\/\/www.4life.health\/fr\/wp-json\/wp\/v2\/product\/51035","targetHints":{"allow":["GET"]}}],"collection":[{"href":"https:\/\/www.4life.health\/fr\/wp-json\/wp\/v2\/product"}],"about":[{"href":"https:\/\/www.4life.health\/fr\/wp-json\/wp\/v2\/types\/product"}],"replies":[{"embeddable":true,"href":"https:\/\/www.4life.health\/fr\/wp-json\/wp\/v2\/comments?post=51035"}],"wp:featuredmedia":[{"embeddable":true,"href":"https:\/\/www.4life.health\/fr\/wp-json\/wp\/v2\/media\/54192"}],"wp:attachment":[{"href":"https:\/\/www.4life.health\/fr\/wp-json\/wp\/v2\/media?parent=51035"}],"wp:term":[{"taxonomy":"product_brand","embeddable":true,"href":"https:\/\/www.4life.health\/fr\/wp-json\/wp\/v2\/product_brand?post=51035"},{"taxonomy":"product_cat","embeddable":true,"href":"https:\/\/www.4life.health\/fr\/wp-json\/wp\/v2\/product_cat?post=51035"},{"taxonomy":"product_tag","embeddable":true,"href":"https:\/\/www.4life.health\/fr\/wp-json\/wp\/v2\/product_tag?post=51035"}],"curies":[{"name":"wp","href":"https:\/\/api.w.org\/{rel}","templated":true}]}}