{"id":51968,"date":"2021-09-28T04:35:30","date_gmt":"2021-09-28T04:35:30","guid":{"rendered":"https:\/\/www.4life.health\/?post_type=product&#038;p=51968"},"modified":"2025-09-16T10:53:57","modified_gmt":"2025-09-16T10:53:57","slug":"accessoire-medical-pour-collier-pour-animaux-de-compagnie-avec-code-qr","status":"publish","type":"product","link":"https:\/\/www.4life.health\/fr\/produit\/accessoire-medical-pour-collier-pour-animaux-de-compagnie-avec-code-qr\/","title":{"rendered":"Nouvel Accessoire QR Code pour Collier Chien et Chat"},"content":{"rendered":"<p>[et_pb_section fb_built=&#8221;1&#8243; _builder_version=&#8221;4.16&#8243; custom_padding=&#8221;0px||||false|false&#8221; global_colors_info=&#8221;{}&#8221;][et_pb_row _builder_version=&#8221;4.16&#8243; background_size=&#8221;initial&#8221; background_position=&#8221;top_left&#8221; background_repeat=&#8221;repeat&#8221; width=&#8221;100%&#8221; custom_padding=&#8221;0px||0px||false|false&#8221; global_colors_info=&#8221;{}&#8221;][et_pb_column type=&#8221;4_4&#8243; _builder_version=&#8221;4.16&#8243; custom_padding=&#8221;|||&#8221; global_colors_info=&#8221;{}&#8221; custom_padding__hover=&#8221;|||&#8221;][et_pb_wc_breadcrumb _builder_version=&#8221;4.16&#8243; global_colors_info=&#8221;{}&#8221;][\/et_pb_wc_breadcrumb][et_pb_wc_cart_notice _builder_version=&#8221;4.16&#8243; global_colors_info=&#8221;{}&#8221;][\/et_pb_wc_cart_notice][\/et_pb_column][\/et_pb_row][et_pb_row column_structure=&#8221;1_2,1_2&#8243; _builder_version=&#8221;4.16&#8243; background_size=&#8221;initial&#8221; background_position=&#8221;top_left&#8221; background_repeat=&#8221;repeat&#8221; width=&#8221;100%&#8221; custom_padding=&#8221;0px||||false|false&#8221; global_colors_info=&#8221;{}&#8221;][et_pb_column type=&#8221;1_2&#8243; _builder_version=&#8221;4.16&#8243; custom_padding=&#8221;|||&#8221; global_colors_info=&#8221;{}&#8221; custom_padding__hover=&#8221;|||&#8221;][et_pb_wc_images _builder_version=&#8221;4.16&#8243; background_enable_image=&#8221;off&#8221; global_colors_info=&#8221;{}&#8221;][\/et_pb_wc_images][\/et_pb_column][et_pb_column type=&#8221;1_2&#8243; _builder_version=&#8221;4.16&#8243; custom_padding=&#8221;|||&#8221; global_colors_info=&#8221;{}&#8221; custom_padding__hover=&#8221;|||&#8221;][et_pb_wc_title _builder_version=&#8221;4.16&#8243; global_colors_info=&#8221;{}&#8221;][\/et_pb_wc_title][et_pb_wc_rating _builder_version=&#8221;4.16&#8243; global_colors_info=&#8221;{}&#8221;][\/et_pb_wc_rating][et_pb_wc_price _builder_version=&#8221;4.16&#8243; global_colors_info=&#8221;{}&#8221;][\/et_pb_wc_price][et_pb_wc_description _builder_version=&#8221;4.16&#8243; body_text_color=&#8221;#000000&#8243; header_text_color=&#8221;#29B6F6&#8243; global_colors_info=&#8221;{}&#8221;][\/et_pb_wc_description][et_pb_wc_add_to_cart _builder_version=&#8221;4.16&#8243; fields_background_color=&#8221;#29B6F6&#8243; fields_text_color=&#8221;#FFFFFF&#8221; fields_focus_background_color=&#8221;#29B6F6&#8243; fields_focus_text_color=&#8221;#FFFFFF&#8221; dropdown_menus_background_color=&#8221;#29B6F6&#8243; dropdown_menus_text_color=&#8221;#FFFFFF&#8221; dropdown_menus_focus_background_color=&#8221;#0C71C3&#8243; dropdown_menus_focus_text_color=&#8221;#FFFFFF&#8221; field_label_text_color=&#8221;#000000&#8243; custom_button=&#8221;on&#8221; button_text_color=&#8221;#FFFFFF&#8221; button_bg_use_color_gradient=&#8221;on&#8221; button_bg_color_gradient_stops=&#8221;#29b6f6 0%|#29b6f6 100%&#8221; button_bg_color_gradient_start=&#8221;#29b6f6&#8243; button_bg_color_gradient_end=&#8221;#29b6f6&#8243; body_text_color=&#8221;#000000&#8243; global_colors_info=&#8221;{}&#8221;][\/et_pb_wc_add_to_cart][et_pb_wc_meta _builder_version=&#8221;4.16&#8243; global_colors_info=&#8221;{}&#8221;][\/et_pb_wc_meta][\/et_pb_column][\/et_pb_row][et_pb_row _builder_version=&#8221;4.16&#8243; background_size=&#8221;initial&#8221; background_position=&#8221;top_left&#8221; background_repeat=&#8221;repeat&#8221; width=&#8221;100%&#8221; global_colors_info=&#8221;{}&#8221;][et_pb_column type=&#8221;4_4&#8243; _builder_version=&#8221;4.16&#8243; custom_padding=&#8221;|||&#8221; global_colors_info=&#8221;{}&#8221; custom_padding__hover=&#8221;|||&#8221;][et_pb_wc_tabs active_tab_background_color=&#8221;#29B6F6&#8243; inactive_tab_background_color=&#8221;#FFFFFF&#8221; active_tab_text_color=&#8221;#FFFFFF&#8221; _builder_version=&#8221;4.16&#8243; tab_text_color=&#8221;#000000&#8243; body_text_color=&#8221;#000000&#8243; global_colors_info=&#8221;{}&#8221;] [\/et_pb_wc_tabs][et_pb_wc_upsells _builder_version=&#8221;4.16&#8243; global_colors_info=&#8221;{}&#8221;][\/et_pb_wc_upsells][\/et_pb_column][\/et_pb_row][\/et_pb_section]<\/p>\n","protected":false},"excerpt":{"rendered":"<h4><span style=\"color: #000000;\">Accessoire Collier pour Animaux de compagnie avec Code Qr<\/span><\/h4>\n<ul>\n<li><span style=\"color: #000000;\">Nouvel accessoire pour animaux de compagnie avec code QR<\/span><\/li>\n<li><span style=\"color: #000000;\">Facile \u00e0 appliquer sur tout type de collier.<\/span><\/li>\n<li><span style=\"color: #000000;\">100% \u00e9tanche<\/span><\/li>\n<li><span style=\"color: #000000;\">2 couleurs, 2 tailles disponibles<\/span><\/li>\n<li><span style=\"color: #000000;\">Stockez toutes les informations de votre meilleur ami telles que les photos, les r\u00e9sultats de laboratoire, les d\u00e9tails du propri\u00e9taire, les d\u00e9tails du v\u00e9t\u00e9rinaire, les allergies, les vaccinations, etc.<\/span><\/li>\n<li><span style=\"color: #000000;\">En cas de perte de votre animal de compagnie, celui qui le retrouve peut alerter les contacts d'urgence avec email et position GPS.<\/span><\/li>\n<li><span style=\"color: #000000;\">Possibilit\u00e9 de modifier les informations directement depuis le mobile \u00e0 tout moment.<\/span><\/li>\n<li><span style=\"color: #000000;\">Aluminium anodis\u00e9 avec symbole de la croix m\u00e9dicale rouge et code QR grav\u00e9 au laser.<\/span><\/li>\n<li><span style=\"color: #000000;\">Anneau en caoutchouc r\u00e9sistant.<\/span><\/li>\n<li><span style=\"color: #000000;\">Si vous avez d\u00e9j\u00e0 un abonnement 4life.health, vous n'avez pas besoin d'en acheter un autre pour votre animal de compagnie, ajoutez-le simplement \u00e0 votre profil dans la cat\u00e9gorie appropri\u00e9e en activant son accessoire de collier.<\/span><\/li>\n<li><span style=\"color: #000000;\">Cet accessoire ne peut \u00eatre connect\u00e9 qu'\u00e0 un abonnement 4life.health actif. Pas encore inscrit?<\/span> <a href=\"http:\/\/www.4life.health\/fr\/#payment\">Cliquez ici.<\/a><\/li>\n<\/ul>","protected":false},"featured_media":52331,"comment_status":"open","ping_status":"closed","template":"","meta":{"_et_pb_use_builder":"on","_et_pb_old_content":"<h4><span style=\"color: #000000\">ID Tag with Qr Code for Pet Collar<\/span><\/h4>\r\n<span style=\"color: #000000\">New ID Tag with Qr Code for Pet Collar, 2 sizes for the small and big collar, Star of life etched in red for high-quality visibility, and Laserized Qr code to access your pet information, owner information, and Vet information. Possibility to store Lab results, Imaging tests, and Vaccinations.\u00a0 In case your pet get lost, the person who find him can contact you and send an email to the emergency contacts including the GPS location of your Pet.<\/span>","_et_gb_content_width":""},"product_brand":[98],"product_cat":[80],"product_tag":[74,73,57],"class_list":{"0":"post-51968","1":"product","2":"type-product","3":"status-publish","4":"has-post-thumbnail","6":"product_brand-4life-health","7":"product_cat-id-tag-qr-code-for-pet-collar","8":"product_tag-id-tag-for-cat","9":"product_tag-id-tag-for-dogs","10":"product_tag-id-tag-for-pet-collar","11":"pa_color-black","12":"pa_color-red","13":"pa_size-large","14":"pa_size-small","16":"first","17":"instock","18":"taxable","19":"shipping-taxable","20":"purchasable","21":"product-type-variable"},"aioseo_notices":[],"_links":{"self":[{"href":"https:\/\/www.4life.health\/fr\/wp-json\/wp\/v2\/product\/51968","targetHints":{"allow":["GET"]}}],"collection":[{"href":"https:\/\/www.4life.health\/fr\/wp-json\/wp\/v2\/product"}],"about":[{"href":"https:\/\/www.4life.health\/fr\/wp-json\/wp\/v2\/types\/product"}],"replies":[{"embeddable":true,"href":"https:\/\/www.4life.health\/fr\/wp-json\/wp\/v2\/comments?post=51968"}],"wp:featuredmedia":[{"embeddable":true,"href":"https:\/\/www.4life.health\/fr\/wp-json\/wp\/v2\/media\/52331"}],"wp:attachment":[{"href":"https:\/\/www.4life.health\/fr\/wp-json\/wp\/v2\/media?parent=51968"}],"wp:term":[{"taxonomy":"product_brand","embeddable":true,"href":"https:\/\/www.4life.health\/fr\/wp-json\/wp\/v2\/product_brand?post=51968"},{"taxonomy":"product_cat","embeddable":true,"href":"https:\/\/www.4life.health\/fr\/wp-json\/wp\/v2\/product_cat?post=51968"},{"taxonomy":"product_tag","embeddable":true,"href":"https:\/\/www.4life.health\/fr\/wp-json\/wp\/v2\/product_tag?post=51968"}],"curies":[{"name":"wp","href":"https:\/\/api.w.org\/{rel}","templated":true}]}}